{"id":91,"date":"2019-05-15T18:06:38","date_gmt":"2019-05-15T15:06:38","guid":{"rendered":"https:\/\/convertal.ee\/new\/?page_id=91"},"modified":"2024-01-09T15:00:55","modified_gmt":"2024-01-09T13:00:55","slug":"kontakt","status":"publish","type":"page","link":"https:\/\/convertal.ee\/et\/kontakt\/","title":{"rendered":"Kontakt"},"content":{"rendered":"<h1>Kirjuta meile!<\/h1>\n<p>Palun kirjuta meile oma eesm\u00e4rkidest ja soovidest. Mida t\u00e4psem on sisendinfo, seda tulemuslikumalt saame end esimeseks kohtumiseks ette valmistada. Turunduseelarve on vajalik hindamaks Sinu v\u00f5imalusi oma \u00e4riliste eesm\u00e4rkide saavutamiseks. Hindame ka valdkonna trende ja konkurentsi, et saaksime vastavalt eelarvele pakkuda parima lahenduse. V\u00f5tame \u00fchendust \u00fche t\u00f6\u00f6p\u00e4eva jooksul ja lepime kokku kohtumise v\u00f5i videok\u00f5ne, et juba sisulisi tegevusi tutvustada.<\/p>\n\n<div class=\"wpcf7 no-js\" id=\"wpcf7-f283-o1\" lang=\"et\" dir=\"ltr\" data-wpcf7-id=\"283\">\n<div class=\"screen-reader-response\"><p role=\"status\" aria-live=\"polite\" aria-atomic=\"true\"><\/p> <ul><\/ul><\/div>\n<form action=\"\/et\/wp-json\/wp\/v2\/pages\/91#wpcf7-f283-o1\" method=\"post\" class=\"wpcf7-form init\" aria-label=\"Contact form\" novalidate=\"novalidate\" data-status=\"init\">\n<fieldset class=\"hidden-fields-container\"><input type=\"hidden\" name=\"_wpcf7\" value=\"283\" \/><input type=\"hidden\" name=\"_wpcf7_version\" value=\"6.1.1\" \/><input type=\"hidden\" name=\"_wpcf7_locale\" value=\"et\" \/><input type=\"hidden\" name=\"_wpcf7_unit_tag\" value=\"wpcf7-f283-o1\" \/><input type=\"hidden\" name=\"_wpcf7_container_post\" value=\"0\" \/><input type=\"hidden\" name=\"_wpcf7_posted_data_hash\" value=\"\" \/><input type=\"hidden\" name=\"_wpcf7_recaptcha_response\" value=\"\" \/>\n<\/fieldset>\n<div class=\"form-field\">\n<label>Nimi*<\/label>\n<span class=\"wpcf7-form-control-wrap\" data-name=\"your-name\"><input size=\"40\" maxlength=\"400\" class=\"wpcf7-form-control wpcf7-text wpcf7-validates-as-required\" aria-required=\"true\" aria-invalid=\"false\" value=\"\" type=\"text\" name=\"your-name\" \/><\/span>\n<\/div>\n\n<div class=\"form-field\">\n<label>E-post*<\/label>\n<span class=\"wpcf7-form-control-wrap\" data-name=\"your-email\"><input size=\"40\" maxlength=\"400\" class=\"wpcf7-form-control wpcf7-email wpcf7-validates-as-required wpcf7-text wpcf7-validates-as-email\" aria-required=\"true\" aria-invalid=\"false\" value=\"\" type=\"email\" name=\"your-email\" \/><\/span>\n<\/div>\n\n<div class=\"form-field\">\n<label>Telefoninumber*<\/label>\n<span class=\"wpcf7-form-control-wrap\" data-name=\"your-phone\"><input size=\"40\" maxlength=\"400\" class=\"wpcf7-form-control wpcf7-tel wpcf7-validates-as-required wpcf7-text wpcf7-validates-as-tel\" aria-required=\"true\" aria-invalid=\"false\" value=\"\" type=\"tel\" name=\"your-phone\" \/><\/span>\n<\/div>\n\n<div class=\"form-field\">\n<label>Veebiaadress<\/label>\n<span class=\"wpcf7-form-control-wrap\" data-name=\"your-veebiaadress\"><input size=\"40\" maxlength=\"400\" class=\"wpcf7-form-control wpcf7-text\" aria-invalid=\"false\" value=\"\" type=\"text\" name=\"your-veebiaadress\" \/><\/span>\n<\/div>\n\n<div class=\"form-field\">\n<label>Planeeritav turunduseelarve \u00fches kuus<\/label>\n<span class=\"wpcf7-form-control-wrap\" data-name=\"your-turunduseelarve\"><input class=\"wpcf7-form-control wpcf7-number wpcf7-validates-as-number\" aria-invalid=\"false\" value=\"\" type=\"number\" name=\"your-turunduseelarve\" \/><\/span>\n<\/div>\n\n<div class=\"form-field\">\n<label>Olemasolevad kontod (nt Meta, Google Ads, GA4)<\/label>\n<span class=\"wpcf7-form-control-wrap\" data-name=\"your-kontod\"><input size=\"40\" maxlength=\"400\" class=\"wpcf7-form-control wpcf7-text\" aria-invalid=\"false\" value=\"\" type=\"text\" name=\"your-kontod\" \/><\/span>\n<\/div>\n\n<div class=\"form-field full\">\n<span class=\"wpcf7-form-control-wrap\" data-name=\"menu-296\"><select class=\"wpcf7-form-control wpcf7-select\" aria-invalid=\"false\" multiple=\"multiple\" name=\"menu-296[]\"><option value=\"\">Huvipakkuvad teenused<\/option><option value=\"Otsingureklaam\">Otsingureklaam<\/option><option value=\"Kodulehe optimeerimine (SEO\/CRO)\">Kodulehe optimeerimine (SEO\/CRO)<\/option><option value=\"B\u00e4nnereklaam\">B\u00e4nnereklaam<\/option><option value=\"Remarketing reklaam\">Remarketing reklaam<\/option><option value=\"Meediaplaneerimine\">Meediaplaneerimine<\/option><option value=\"Sotsiaalmeedia turundus ja reklaam\">Sotsiaalmeedia turundus ja reklaam<\/option><option value=\"E-posti turundus ja Gmaili reklaam\">E-posti turundus ja Gmaili reklaam<\/option><option value=\"Videoturundus ja reklaam YouTubes\">Videoturundus ja reklaam YouTubes<\/option><option value=\"Turunduskoolitused ja -konsultatsioon\">Turunduskoolitused ja -konsultatsioon<\/option><option value=\"Mobiilirakenduste turundus ja reklaam\">Mobiilirakenduste turundus ja reklaam<\/option><\/select><\/span>\n<\/div>\n\n<div class=\"form-field full\">\n<label>Kirjuta l\u00e4hemalt \u00e4rilistest eesm\u00e4rkidest, mida aitame saavutada*<\/label>\n<span class=\"wpcf7-form-control-wrap\" data-name=\"your-message\"><textarea cols=\"40\" rows=\"10\" maxlength=\"2000\" class=\"wpcf7-form-control wpcf7-textarea wpcf7-validates-as-required\" aria-required=\"true\" aria-invalid=\"false\" name=\"your-message\"><\/textarea><\/span>\n<\/div>\n\n<button class='wpcf7-form-control wpcf7-submit custom-btn'>Saada kiri<\/button><p style=\"display: none !important;\" class=\"akismet-fields-container\" data-prefix=\"_wpcf7_ak_\"><label>&#916;<textarea name=\"_wpcf7_ak_hp_textarea\" cols=\"45\" rows=\"8\" maxlength=\"100\"><\/textarea><\/label><input type=\"hidden\" id=\"ak_js_1\" name=\"_wpcf7_ak_js\" value=\"156\"\/><script>document.getElementById( \"ak_js_1\" ).setAttribute( \"value\", ( new Date() ).getTime() );<\/script><\/p><div class=\"wpcf7-response-output\" aria-hidden=\"true\"><\/div>\n<\/form>\n<\/div>\n\n","protected":false},"excerpt":{"rendered":"Kirjuta meile! Palun kirjuta meile oma eesm\u00e4rkidest ja soovidest. Mida t\u00e4psem on sisendinfo, seda tulemuslikumalt saame end esimeseks kohtumiseks ette valmistada. Turunduseelarve on vajalik hindamaks Sinu v\u00f5imalusi oma \u00e4riliste eesm\u00e4rkide saavutamiseks. Hindame ka valdkonna trende ja konkurentsi, et saaksime vastavalt eelarvele pakkuda parima lahenduse. V\u00f5tame \u00fchendust \u00fche t\u00f6\u00f6p\u00e4eva jooksul ja lepime kokku kohtumise v\u00f5i videok\u00f5ne,&#8230; <a class=\"view-article\" href=\"https:\/\/convertal.ee\/et\/kontakt\/\">View Article<\/a>","protected":false},"author":18,"featured_media":0,"parent":0,"menu_order":22,"comment_status":"closed","ping_status":"closed","template":"template-contact.php","meta":{"_acf_changed":false,"footnotes":""},"class_list":["post-91","page","type-page","status-publish","hentry"],"acf":[],"_links":{"self":[{"href":"https:\/\/convertal.ee\/et\/wp-json\/wp\/v2\/pages\/91","targetHints":{"allow":["GET"]}}],"collection":[{"href":"https:\/\/convertal.ee\/et\/wp-json\/wp\/v2\/pages"}],"about":[{"href":"https:\/\/convertal.ee\/et\/wp-json\/wp\/v2\/types\/page"}],"author":[{"embeddable":true,"href":"https:\/\/convertal.ee\/et\/wp-json\/wp\/v2\/users\/18"}],"replies":[{"embeddable":true,"href":"https:\/\/convertal.ee\/et\/wp-json\/wp\/v2\/comments?post=91"}],"version-history":[{"count":5,"href":"https:\/\/convertal.ee\/et\/wp-json\/wp\/v2\/pages\/91\/revisions"}],"predecessor-version":[{"id":2597,"href":"https:\/\/convertal.ee\/et\/wp-json\/wp\/v2\/pages\/91\/revisions\/2597"}],"wp:attachment":[{"href":"https:\/\/convertal.ee\/et\/wp-json\/wp\/v2\/media?parent=91"}],"curies":[{"name":"wp","href":"https:\/\/api.w.org\/{rel}","templated":true}]}}