{"id":89,"date":"2019-05-15T18:06:30","date_gmt":"2019-05-15T15:06:30","guid":{"rendered":"https:\/\/convertal.ee\/new\/?page_id=89"},"modified":"2022-10-21T11:06:38","modified_gmt":"2022-10-21T08:06:38","slug":"liitu-tiimiga","status":"publish","type":"page","link":"https:\/\/convertal.ee\/et\/liitu-tiimiga\/","title":{"rendered":"Liitu tiimiga"},"content":{"rendered":"<p><span class=\"color-blue\">Convertal on 2009. aastal tuule tiibadesse saanud ning Google Premier Partner staatuse p\u00e4lvinud digiturunduse teenuseid pakkuv agentuur.<\/span><\/p>\n<p>Oleme usaldusv\u00e4\u00e4rseks partneriks erineva profiiliga ettev\u00f5tetele, pakkudes neile kasulikke ja tulemuslikke turunduslahendusi. Oleme kasvanud tunnustatud agentuuriks t\u00e4nu meie uuendusmeelsetele klientidele ning asjatundlikele, t\u00f6\u00f6katele ja inspireerivatele inimestele. Convertalis ootavad sind naeratavad kolleegid, kes k\u00f5ik on t\u00f5sised digiturunduse f\u00e4nnid ja oma ala spetsialistid.<\/p>\n<h3><\/h3>\n","protected":false},"excerpt":{"rendered":"Convertal on 2009. aastal tuule tiibadesse saanud ning Google Premier Partner staatuse p\u00e4lvinud digiturunduse teenuseid pakkuv agentuur. Oleme usaldusv\u00e4\u00e4rseks partneriks erineva profiiliga ettev\u00f5tetele, pakkudes neile kasulikke ja tulemuslikke turunduslahendusi. Oleme kasvanud tunnustatud agentuuriks t\u00e4nu meie uuendusmeelsetele klientidele ning asjatundlikele, t\u00f6\u00f6katele ja inspireerivatele inimestele. Convertalis ootavad sind naeratavad kolleegid, kes k\u00f5ik on t\u00f5sised digiturunduse f\u00e4nnid ja&#8230; <a class=\"view-article\" href=\"https:\/\/convertal.ee\/et\/liitu-tiimiga\/\">View Article<\/a>","protected":false},"author":18,"featured_media":2017,"parent":0,"menu_order":24,"comment_status":"closed","ping_status":"closed","template":"template-join.php","meta":{"_acf_changed":false,"footnotes":""},"class_list":["post-89","page","type-page","status-publish","has-post-thumbnail","hentry"],"acf":[],"_links":{"self":[{"href":"https:\/\/convertal.ee\/et\/wp-json\/wp\/v2\/pages\/89","targetHints":{"allow":["GET"]}}],"collection":[{"href":"https:\/\/convertal.ee\/et\/wp-json\/wp\/v2\/pages"}],"about":[{"href":"https:\/\/convertal.ee\/et\/wp-json\/wp\/v2\/types\/page"}],"author":[{"embeddable":true,"href":"https:\/\/convertal.ee\/et\/wp-json\/wp\/v2\/users\/18"}],"replies":[{"embeddable":true,"href":"https:\/\/convertal.ee\/et\/wp-json\/wp\/v2\/comments?post=89"}],"version-history":[{"count":5,"href":"https:\/\/convertal.ee\/et\/wp-json\/wp\/v2\/pages\/89\/revisions"}],"predecessor-version":[{"id":1706,"href":"https:\/\/convertal.ee\/et\/wp-json\/wp\/v2\/pages\/89\/revisions\/1706"}],"wp:featuredmedia":[{"embeddable":true,"href":"https:\/\/convertal.ee\/et\/wp-json\/wp\/v2\/media\/2017"}],"wp:attachment":[{"href":"https:\/\/convertal.ee\/et\/wp-json\/wp\/v2\/media?parent=89"}],"curies":[{"name":"wp","href":"https:\/\/api.w.org\/{rel}","templated":true}]}}