{"id":7,"date":"2019-05-13T13:48:34","date_gmt":"2019-05-13T13:48:34","guid":{"rendered":"https:\/\/convertal.ee\/new\/?page_id=7"},"modified":"2025-10-15T10:16:58","modified_gmt":"2025-10-15T07:16:58","slug":"esileht","status":"publish","type":"page","link":"https:\/\/convertal.ee\/et\/","title":{"rendered":"Esileht"},"content":{"rendered":"<h1><\/h1>\n<h1 style=\"font-size: 40px;\">Auhinnatud strateegiline turundusagentuur ambitsioonikatele ettev\u00f5tetele.<\/h1>\n<p><span data-olk-copy-source=\"MailCompose\">16+ aastat kogemust, 14 turgu ja sadu edulugusid on kujundanud meist partneri, kellele v\u00f5ib kindlalt toetuda. Oleme siin selleks, aidata ettev\u00f5tteid, kes tahavad enamat. Kui oled valmis j\u00e4rgmiseks arenguh\u00fcppeks \u2013 teeme selle koos.<\/span><\/p>\n<p><img loading=\"lazy\" decoding=\"async\" class=\"alignnone wp-image-3289\" src=\"https:\/\/convertal.ee\/wp-content\/uploads\/2025\/10\/Untitled-design-40-800x249.png\" alt=\"\" width=\"489\" height=\"152\" srcset=\"https:\/\/convertal.ee\/wp-content\/uploads\/2025\/10\/Untitled-design-40-800x249.png 800w, https:\/\/convertal.ee\/wp-content\/uploads\/2025\/10\/Untitled-design-40-1280x399.png 1280w, https:\/\/convertal.ee\/wp-content\/uploads\/2025\/10\/Untitled-design-40-768x239.png 768w, https:\/\/convertal.ee\/wp-content\/uploads\/2025\/10\/Untitled-design-40-1536x479.png 1536w, https:\/\/convertal.ee\/wp-content\/uploads\/2025\/10\/Untitled-design-40-120x37.png 120w, https:\/\/convertal.ee\/wp-content\/uploads\/2025\/10\/Untitled-design-40.png 1595w\" sizes=\"auto, (max-width: 489px) 100vw, 489px\" \/><\/p>\n<p>&nbsp;<\/p>\n","protected":false},"excerpt":{"rendered":"Auhinnatud strateegiline turundusagentuur ambitsioonikatele ettev\u00f5tetele. 16+ aastat kogemust, 14 turgu ja sadu edulugusid on kujundanud meist partneri, kellele v\u00f5ib kindlalt toetuda. Oleme siin selleks, aidata ettev\u00f5tteid, kes tahavad enamat. Kui oled valmis j\u00e4rgmiseks arenguh\u00fcppeks \u2013 teeme selle koos. &nbsp;","protected":false},"author":18,"featured_media":0,"parent":0,"menu_order":17,"comment_status":"closed","ping_status":"closed","template":"template-frontpage.php","meta":{"_acf_changed":false,"footnotes":""},"class_list":["post-7","page","type-page","status-publish","hentry"],"acf":[],"_links":{"self":[{"href":"https:\/\/convertal.ee\/et\/wp-json\/wp\/v2\/pages\/7","targetHints":{"allow":["GET"]}}],"collection":[{"href":"https:\/\/convertal.ee\/et\/wp-json\/wp\/v2\/pages"}],"about":[{"href":"https:\/\/convertal.ee\/et\/wp-json\/wp\/v2\/types\/page"}],"author":[{"embeddable":true,"href":"https:\/\/convertal.ee\/et\/wp-json\/wp\/v2\/users\/18"}],"replies":[{"embeddable":true,"href":"https:\/\/convertal.ee\/et\/wp-json\/wp\/v2\/comments?post=7"}],"version-history":[{"count":5,"href":"https:\/\/convertal.ee\/et\/wp-json\/wp\/v2\/pages\/7\/revisions"}],"predecessor-version":[{"id":3298,"href":"https:\/\/convertal.ee\/et\/wp-json\/wp\/v2\/pages\/7\/revisions\/3298"}],"wp:attachment":[{"href":"https:\/\/convertal.ee\/et\/wp-json\/wp\/v2\/media?parent=7"}],"curies":[{"name":"wp","href":"https:\/\/api.w.org\/{rel}","templated":true}]}}