{"id":439,"date":"2019-06-12T11:32:13","date_gmt":"2019-06-12T08:32:13","guid":{"rendered":"https:\/\/convertal.ee\/new\/?page_id=439"},"modified":"2024-01-09T14:58:31","modified_gmt":"2024-01-09T12:58:31","slug":"tehtud-tood","status":"publish","type":"page","link":"https:\/\/convertal.ee\/et\/tehtud-tood\/","title":{"rendered":"Edukad projektid"},"content":{"rendered":"<h2>Teame, et agentuuri valikul on olulised referentsid ja tehtud t\u00f6\u00f6d. Siin on m\u00f5ned projektid, mille \u00fcle oleme eriliselt uhked.<\/h2>\n","protected":false},"excerpt":{"rendered":"Teame, et agentuuri valikul on olulised referentsid ja tehtud t\u00f6\u00f6d. Siin on m\u00f5ned projektid, mille \u00fcle oleme eriliselt uhked.","protected":false},"author":18,"featured_media":2712,"parent":0,"menu_order":13,"comment_status":"closed","ping_status":"closed","template":"template-solutions.php","meta":{"_acf_changed":false,"footnotes":""},"class_list":["post-439","page","type-page","status-publish","has-post-thumbnail","hentry"],"acf":[],"_links":{"self":[{"href":"https:\/\/convertal.ee\/et\/wp-json\/wp\/v2\/pages\/439","targetHints":{"allow":["GET"]}}],"collection":[{"href":"https:\/\/convertal.ee\/et\/wp-json\/wp\/v2\/pages"}],"about":[{"href":"https:\/\/convertal.ee\/et\/wp-json\/wp\/v2\/types\/page"}],"author":[{"embeddable":true,"href":"https:\/\/convertal.ee\/et\/wp-json\/wp\/v2\/users\/18"}],"replies":[{"embeddable":true,"href":"https:\/\/convertal.ee\/et\/wp-json\/wp\/v2\/comments?post=439"}],"version-history":[{"count":5,"href":"https:\/\/convertal.ee\/et\/wp-json\/wp\/v2\/pages\/439\/revisions"}],"predecessor-version":[{"id":2892,"href":"https:\/\/convertal.ee\/et\/wp-json\/wp\/v2\/pages\/439\/revisions\/2892"}],"wp:featuredmedia":[{"embeddable":true,"href":"https:\/\/convertal.ee\/et\/wp-json\/wp\/v2\/media\/2712"}],"wp:attachment":[{"href":"https:\/\/convertal.ee\/et\/wp-json\/wp\/v2\/media?parent=439"}],"curies":[{"name":"wp","href":"https:\/\/api.w.org\/{rel}","templated":true}]}}