{"id":2610,"date":"2023-08-01T15:50:26","date_gmt":"2023-08-01T12:50:26","guid":{"rendered":"https:\/\/convertal.ee\/?page_id=2610"},"modified":"2025-10-15T10:07:36","modified_gmt":"2025-10-15T07:07:36","slug":"teenused","status":"publish","type":"page","link":"https:\/\/convertal.ee\/et\/teenused\/","title":{"rendered":"Turundusagentuur, mis m\u00f5istab Sinu \u00e4ri ja aitab Sul kasvada \u2013 koduturul ja rahvusvaheliselt."},"content":{"rendered":"<p><span data-olk-copy-source=\"MailCompose\">Rohkem kui 16 aastat kogemust, 14 turgu ja sadu edulugusid on kujundanud meist partneri, kellele v\u00f5ib kindlalt toetuda. Convertali teenuste kese on strateegiline kasvujuhtimine \u2013 \u00fchendame turunduse, tehnoloogia ja \u00e4rilise m\u00f5tlemise \u00fcheks tervikuks.<\/span><\/p>\n<p><span data-olk-copy-source=\"MailCompose\">Tulemused ei s\u00fcnni juhuslikult. Need s\u00fcnnivad strateegilisest koost\u00f6\u00f6st, mis on suunatud arengule.<\/span><\/p>\n","protected":false},"excerpt":{"rendered":"Rohkem kui 16 aastat kogemust, 14 turgu ja sadu edulugusid on kujundanud meist partneri, kellele v\u00f5ib kindlalt toetuda. Convertali teenuste kese on strateegiline kasvujuhtimine \u2013 \u00fchendame turunduse, tehnoloogia ja \u00e4rilise m\u00f5tlemise \u00fcheks tervikuks. Tulemused ei s\u00fcnni juhuslikult. Need s\u00fcnnivad strateegilisest koost\u00f6\u00f6st, mis on suunatud arengule.","protected":false},"author":18,"featured_media":0,"parent":0,"menu_order":5,"comment_status":"closed","ping_status":"closed","template":"template-services.php","meta":{"_acf_changed":false,"footnotes":""},"class_list":["post-2610","page","type-page","status-publish","hentry"],"acf":[],"_links":{"self":[{"href":"https:\/\/convertal.ee\/et\/wp-json\/wp\/v2\/pages\/2610","targetHints":{"allow":["GET"]}}],"collection":[{"href":"https:\/\/convertal.ee\/et\/wp-json\/wp\/v2\/pages"}],"about":[{"href":"https:\/\/convertal.ee\/et\/wp-json\/wp\/v2\/types\/page"}],"author":[{"embeddable":true,"href":"https:\/\/convertal.ee\/et\/wp-json\/wp\/v2\/users\/18"}],"replies":[{"embeddable":true,"href":"https:\/\/convertal.ee\/et\/wp-json\/wp\/v2\/comments?post=2610"}],"version-history":[{"count":5,"href":"https:\/\/convertal.ee\/et\/wp-json\/wp\/v2\/pages\/2610\/revisions"}],"predecessor-version":[{"id":3296,"href":"https:\/\/convertal.ee\/et\/wp-json\/wp\/v2\/pages\/2610\/revisions\/3296"}],"wp:attachment":[{"href":"https:\/\/convertal.ee\/et\/wp-json\/wp\/v2\/media?parent=2610"}],"curies":[{"name":"wp","href":"https:\/\/api.w.org\/{rel}","templated":true}]}}